{"id":14066,"date":"2022-07-25T16:10:41","date_gmt":"2022-07-25T16:10:41","guid":{"rendered":"https:\/\/equadis.com\/temoignages-clients\/"},"modified":"2025-06-06T15:52:21","modified_gmt":"2025-06-06T15:52:21","slug":"testimonianze-dei-clienti","status":"publish","type":"page","link":"https:\/\/equadis.com\/it\/testimonianze-dei-clienti\/","title":{"rendered":"Testimonianze dei clienti"},"content":{"rendered":"","protected":false},"excerpt":{"rendered":"","protected":false},"author":1,"featured_media":0,"parent":0,"menu_order":0,"comment_status":"closed","ping_status":"closed","template":"templateCaseStudies.php","meta":{"_acf_changed":false,"content-type":"","inline_featured_image":false,"footnotes":""},"class_list":["post-14066","page","type-page","status-publish","hentry"],"acf":[],"yoast_head":"<!-- This site is optimized with the Yoast SEO plugin v27.4 - https:\/\/yoast.com\/product\/yoast-seo-wordpress\/ -->\n<title>Testimonianze dei clienti - Equadis<\/title>\n<meta name=\"description\" content=\"D\u00e9couvrez les solutions Equadis, la plateforme Gaia et ses fonctionnalit\u00e9s \u00e0 travers les t\u00e9moignages de nos clients et partenaires.\" \/>\n<meta name=\"robots\" content=\"index, follow, max-snippet:-1, max-image-preview:large, max-video-preview:-1\" \/>\n<link rel=\"canonical\" href=\"https:\/\/equadis.com\/it\/testimonianze-dei-clienti\/\" \/>\n<meta property=\"og:locale\" content=\"it_IT\" \/>\n<meta property=\"og:type\" content=\"article\" \/>\n<meta property=\"og:title\" content=\"Testimonianze dei clienti - Equadis\" \/>\n<meta property=\"og:description\" content=\"D\u00e9couvrez les solutions Equadis, la plateforme Gaia et ses fonctionnalit\u00e9s \u00e0 travers les t\u00e9moignages de nos clients et partenaires.\" \/>\n<meta property=\"og:url\" content=\"https:\/\/equadis.com\/it\/testimonianze-dei-clienti\/\" \/>\n<meta property=\"og:site_name\" content=\"Equadis\" \/>\n<meta property=\"article:modified_time\" content=\"2025-06-06T15:52:21+00:00\" \/>\n<meta name=\"twitter:card\" content=\"summary_large_image\" \/>\n<meta name=\"twitter:label1\" content=\"Tempo di lettura stimato\" \/>\n\t<meta name=\"twitter:data1\" content=\"1 minuto\" \/>\n<script type=\"application\/ld+json\" class=\"yoast-schema-graph\">{\"@context\":\"https:\\\/\\\/schema.org\",\"@graph\":[{\"@type\":\"WebPage\",\"@id\":\"https:\\\/\\\/equadis.com\\\/it\\\/testimonianze-dei-clienti\\\/\",\"url\":\"https:\\\/\\\/equadis.com\\\/it\\\/testimonianze-dei-clienti\\\/\",\"name\":\"Testimonianze dei clienti - Equadis\",\"isPartOf\":{\"@id\":\"https:\\\/\\\/equadis.com\\\/it\\\/#website\"},\"datePublished\":\"2022-07-25T16:10:41+00:00\",\"dateModified\":\"2025-06-06T15:52:21+00:00\",\"description\":\"D\u00e9couvrez les solutions Equadis, la plateforme Gaia et ses fonctionnalit\u00e9s \u00e0 travers les t\u00e9moignages de nos clients et partenaires.\",\"breadcrumb\":{\"@id\":\"https:\\\/\\\/equadis.com\\\/it\\\/testimonianze-dei-clienti\\\/#breadcrumb\"},\"inLanguage\":\"it-IT\",\"potentialAction\":[{\"@type\":\"ReadAction\",\"target\":[\"https:\\\/\\\/equadis.com\\\/it\\\/testimonianze-dei-clienti\\\/\"]}]},{\"@type\":\"BreadcrumbList\",\"@id\":\"https:\\\/\\\/equadis.com\\\/it\\\/testimonianze-dei-clienti\\\/#breadcrumb\",\"itemListElement\":[{\"@type\":\"ListItem\",\"position\":1,\"name\":\"Accueil\",\"item\":\"https:\\\/\\\/equadis.com\\\/it\\\/\"},{\"@type\":\"ListItem\",\"position\":2,\"name\":\"Testimonianze dei clienti\"}]},{\"@type\":\"WebSite\",\"@id\":\"https:\\\/\\\/equadis.com\\\/it\\\/#website\",\"url\":\"https:\\\/\\\/equadis.com\\\/it\\\/\",\"name\":\"Equadis\",\"description\":\"Just another WordPress site\",\"potentialAction\":[{\"@type\":\"SearchAction\",\"target\":{\"@type\":\"EntryPoint\",\"urlTemplate\":\"https:\\\/\\\/equadis.com\\\/it\\\/?s={search_term_string}\"},\"query-input\":{\"@type\":\"PropertyValueSpecification\",\"valueRequired\":true,\"valueName\":\"search_term_string\"}}],\"inLanguage\":\"it-IT\"}]}<\/script>\n<!-- \/ Yoast SEO plugin. -->","yoast_head_json":{"title":"Testimonianze dei clienti - Equadis","description":"D\u00e9couvrez les solutions Equadis, la plateforme Gaia et ses fonctionnalit\u00e9s \u00e0 travers les t\u00e9moignages de nos clients et partenaires.","robots":{"index":"index","follow":"follow","max-snippet":"max-snippet:-1","max-image-preview":"max-image-preview:large","max-video-preview":"max-video-preview:-1"},"canonical":"https:\/\/equadis.com\/it\/testimonianze-dei-clienti\/","og_locale":"it_IT","og_type":"article","og_title":"Testimonianze dei clienti - Equadis","og_description":"D\u00e9couvrez les solutions Equadis, la plateforme Gaia et ses fonctionnalit\u00e9s \u00e0 travers les t\u00e9moignages de nos clients et partenaires.","og_url":"https:\/\/equadis.com\/it\/testimonianze-dei-clienti\/","og_site_name":"Equadis","article_modified_time":"2025-06-06T15:52:21+00:00","twitter_card":"summary_large_image","twitter_misc":{"Tempo di lettura stimato":"1 minuto"},"schema":{"@context":"https:\/\/schema.org","@graph":[{"@type":"WebPage","@id":"https:\/\/equadis.com\/it\/testimonianze-dei-clienti\/","url":"https:\/\/equadis.com\/it\/testimonianze-dei-clienti\/","name":"Testimonianze dei clienti - Equadis","isPartOf":{"@id":"https:\/\/equadis.com\/it\/#website"},"datePublished":"2022-07-25T16:10:41+00:00","dateModified":"2025-06-06T15:52:21+00:00","description":"D\u00e9couvrez les solutions Equadis, la plateforme Gaia et ses fonctionnalit\u00e9s \u00e0 travers les t\u00e9moignages de nos clients et partenaires.","breadcrumb":{"@id":"https:\/\/equadis.com\/it\/testimonianze-dei-clienti\/#breadcrumb"},"inLanguage":"it-IT","potentialAction":[{"@type":"ReadAction","target":["https:\/\/equadis.com\/it\/testimonianze-dei-clienti\/"]}]},{"@type":"BreadcrumbList","@id":"https:\/\/equadis.com\/it\/testimonianze-dei-clienti\/#breadcrumb","itemListElement":[{"@type":"ListItem","position":1,"name":"Accueil","item":"https:\/\/equadis.com\/it\/"},{"@type":"ListItem","position":2,"name":"Testimonianze dei clienti"}]},{"@type":"WebSite","@id":"https:\/\/equadis.com\/it\/#website","url":"https:\/\/equadis.com\/it\/","name":"Equadis","description":"Just another WordPress site","potentialAction":[{"@type":"SearchAction","target":{"@type":"EntryPoint","urlTemplate":"https:\/\/equadis.com\/it\/?s={search_term_string}"},"query-input":{"@type":"PropertyValueSpecification","valueRequired":true,"valueName":"search_term_string"}}],"inLanguage":"it-IT"}]}},"_links":{"self":[{"href":"https:\/\/equadis.com\/it\/wp-json\/wp\/v2\/pages\/14066","targetHints":{"allow":["GET"]}}],"collection":[{"href":"https:\/\/equadis.com\/it\/wp-json\/wp\/v2\/pages"}],"about":[{"href":"https:\/\/equadis.com\/it\/wp-json\/wp\/v2\/types\/page"}],"author":[{"embeddable":true,"href":"https:\/\/equadis.com\/it\/wp-json\/wp\/v2\/users\/1"}],"replies":[{"embeddable":true,"href":"https:\/\/equadis.com\/it\/wp-json\/wp\/v2\/comments?post=14066"}],"version-history":[{"count":2,"href":"https:\/\/equadis.com\/it\/wp-json\/wp\/v2\/pages\/14066\/revisions"}],"predecessor-version":[{"id":21782,"href":"https:\/\/equadis.com\/it\/wp-json\/wp\/v2\/pages\/14066\/revisions\/21782"}],"wp:attachment":[{"href":"https:\/\/equadis.com\/it\/wp-json\/wp\/v2\/media?parent=14066"}],"curies":[{"name":"wp","href":"https:\/\/api.w.org\/{rel}","templated":true}]}}