{"id":14061,"date":"2022-03-26T15:42:49","date_gmt":"2022-03-26T15:42:49","guid":{"rendered":"https:\/\/equadis.com\/mentions-legales\/"},"modified":"2025-11-27T10:30:34","modified_gmt":"2025-11-27T10:30:34","slug":"informazioni-legali","status":"publish","type":"page","link":"https:\/\/equadis.com\/it\/informazioni-legali\/","title":{"rendered":"Informazioni legali"},"content":{"rendered":"","protected":false},"excerpt":{"rendered":"","protected":false},"author":1,"featured_media":0,"parent":0,"menu_order":0,"comment_status":"closed","ping_status":"open","template":"templateLegals.php","meta":{"_acf_changed":false,"content-type":"","inline_featured_image":false,"footnotes":""},"class_list":["post-14061","page","type-page","status-publish","hentry"],"acf":[],"yoast_head":"<!-- This site is optimized with the Yoast SEO plugin v27.3 - https:\/\/yoast.com\/product\/yoast-seo-wordpress\/ -->\n<title>Informazioni legali - Equadis<\/title>\n<meta name=\"description\" content=\"Retrouvez les mentions l\u00e9gales d&#039;Equadis, les informations relatives aux activit\u00e9s, aux donn\u00e9es collect\u00e9es et \u00e0 l&#039;entreprise.\" \/>\n<meta name=\"robots\" content=\"noindex, nofollow\" \/>\n<meta property=\"og:locale\" content=\"it_IT\" \/>\n<meta property=\"og:type\" content=\"article\" \/>\n<meta property=\"og:title\" content=\"Informazioni legali - Equadis\" \/>\n<meta property=\"og:description\" content=\"Retrouvez les mentions l\u00e9gales d&#039;Equadis, les informations relatives aux activit\u00e9s, aux donn\u00e9es collect\u00e9es et \u00e0 l&#039;entreprise.\" \/>\n<meta property=\"og:url\" content=\"https:\/\/equadis.com\/it\/informazioni-legali\/\" \/>\n<meta property=\"og:site_name\" content=\"Equadis\" \/>\n<meta property=\"article:modified_time\" content=\"2025-11-27T10:30:34+00:00\" \/>\n<meta name=\"twitter:card\" content=\"summary_large_image\" \/>\n<meta name=\"twitter:label1\" content=\"Tempo di lettura stimato\" \/>\n\t<meta name=\"twitter:data1\" content=\"28 minuti\" \/>\n<script type=\"application\/ld+json\" class=\"yoast-schema-graph\">{\"@context\":\"https:\\\/\\\/schema.org\",\"@graph\":[{\"@type\":\"WebPage\",\"@id\":\"https:\\\/\\\/equadis.com\\\/it\\\/informazioni-legali\\\/\",\"url\":\"https:\\\/\\\/equadis.com\\\/it\\\/informazioni-legali\\\/\",\"name\":\"Informazioni legali - Equadis\",\"isPartOf\":{\"@id\":\"https:\\\/\\\/equadis.com\\\/it\\\/#website\"},\"datePublished\":\"2022-03-26T15:42:49+00:00\",\"dateModified\":\"2025-11-27T10:30:34+00:00\",\"description\":\"Retrouvez les mentions l\u00e9gales d'Equadis, les informations relatives aux activit\u00e9s, aux donn\u00e9es collect\u00e9es et \u00e0 l'entreprise.\",\"breadcrumb\":{\"@id\":\"https:\\\/\\\/equadis.com\\\/it\\\/informazioni-legali\\\/#breadcrumb\"},\"inLanguage\":\"it-IT\",\"potentialAction\":[{\"@type\":\"ReadAction\",\"target\":[\"https:\\\/\\\/equadis.com\\\/it\\\/informazioni-legali\\\/\"]}]},{\"@type\":\"BreadcrumbList\",\"@id\":\"https:\\\/\\\/equadis.com\\\/it\\\/informazioni-legali\\\/#breadcrumb\",\"itemListElement\":[{\"@type\":\"ListItem\",\"position\":1,\"name\":\"Accueil\",\"item\":\"https:\\\/\\\/equadis.com\\\/it\\\/\"},{\"@type\":\"ListItem\",\"position\":2,\"name\":\"Informazioni legali\"}]},{\"@type\":\"WebSite\",\"@id\":\"https:\\\/\\\/equadis.com\\\/it\\\/#website\",\"url\":\"https:\\\/\\\/equadis.com\\\/it\\\/\",\"name\":\"Equadis\",\"description\":\"Just another WordPress site\",\"potentialAction\":[{\"@type\":\"SearchAction\",\"target\":{\"@type\":\"EntryPoint\",\"urlTemplate\":\"https:\\\/\\\/equadis.com\\\/it\\\/?s={search_term_string}\"},\"query-input\":{\"@type\":\"PropertyValueSpecification\",\"valueRequired\":true,\"valueName\":\"search_term_string\"}}],\"inLanguage\":\"it-IT\"}]}<\/script>\n<!-- \/ Yoast SEO plugin. -->","yoast_head_json":{"title":"Informazioni legali - Equadis","description":"Retrouvez les mentions l\u00e9gales d'Equadis, les informations relatives aux activit\u00e9s, aux donn\u00e9es collect\u00e9es et \u00e0 l'entreprise.","robots":{"index":"noindex","follow":"nofollow"},"og_locale":"it_IT","og_type":"article","og_title":"Informazioni legali - Equadis","og_description":"Retrouvez les mentions l\u00e9gales d'Equadis, les informations relatives aux activit\u00e9s, aux donn\u00e9es collect\u00e9es et \u00e0 l'entreprise.","og_url":"https:\/\/equadis.com\/it\/informazioni-legali\/","og_site_name":"Equadis","article_modified_time":"2025-11-27T10:30:34+00:00","twitter_card":"summary_large_image","twitter_misc":{"Tempo di lettura stimato":"28 minuti"},"schema":{"@context":"https:\/\/schema.org","@graph":[{"@type":"WebPage","@id":"https:\/\/equadis.com\/it\/informazioni-legali\/","url":"https:\/\/equadis.com\/it\/informazioni-legali\/","name":"Informazioni legali - Equadis","isPartOf":{"@id":"https:\/\/equadis.com\/it\/#website"},"datePublished":"2022-03-26T15:42:49+00:00","dateModified":"2025-11-27T10:30:34+00:00","description":"Retrouvez les mentions l\u00e9gales d'Equadis, les informations relatives aux activit\u00e9s, aux donn\u00e9es collect\u00e9es et \u00e0 l'entreprise.","breadcrumb":{"@id":"https:\/\/equadis.com\/it\/informazioni-legali\/#breadcrumb"},"inLanguage":"it-IT","potentialAction":[{"@type":"ReadAction","target":["https:\/\/equadis.com\/it\/informazioni-legali\/"]}]},{"@type":"BreadcrumbList","@id":"https:\/\/equadis.com\/it\/informazioni-legali\/#breadcrumb","itemListElement":[{"@type":"ListItem","position":1,"name":"Accueil","item":"https:\/\/equadis.com\/it\/"},{"@type":"ListItem","position":2,"name":"Informazioni legali"}]},{"@type":"WebSite","@id":"https:\/\/equadis.com\/it\/#website","url":"https:\/\/equadis.com\/it\/","name":"Equadis","description":"Just another WordPress site","potentialAction":[{"@type":"SearchAction","target":{"@type":"EntryPoint","urlTemplate":"https:\/\/equadis.com\/it\/?s={search_term_string}"},"query-input":{"@type":"PropertyValueSpecification","valueRequired":true,"valueName":"search_term_string"}}],"inLanguage":"it-IT"}]}},"_links":{"self":[{"href":"https:\/\/equadis.com\/it\/wp-json\/wp\/v2\/pages\/14061","targetHints":{"allow":["GET"]}}],"collection":[{"href":"https:\/\/equadis.com\/it\/wp-json\/wp\/v2\/pages"}],"about":[{"href":"https:\/\/equadis.com\/it\/wp-json\/wp\/v2\/types\/page"}],"author":[{"embeddable":true,"href":"https:\/\/equadis.com\/it\/wp-json\/wp\/v2\/users\/1"}],"replies":[{"embeddable":true,"href":"https:\/\/equadis.com\/it\/wp-json\/wp\/v2\/comments?post=14061"}],"version-history":[{"count":1,"href":"https:\/\/equadis.com\/it\/wp-json\/wp\/v2\/pages\/14061\/revisions"}],"predecessor-version":[{"id":14200,"href":"https:\/\/equadis.com\/it\/wp-json\/wp\/v2\/pages\/14061\/revisions\/14200"}],"wp:attachment":[{"href":"https:\/\/equadis.com\/it\/wp-json\/wp\/v2\/media?parent=14061"}],"curies":[{"name":"wp","href":"https:\/\/api.w.org\/{rel}","templated":true}]}}